{"id":1715,"date":"2017-01-24T10:05:40","date_gmt":"2017-01-24T10:05:40","guid":{"rendered":"http:\/\/themes.potenzaglobal.com\/cardealer\/?page_id=1715"},"modified":"2022-09-27T09:23:53","modified_gmt":"2022-09-27T09:23:53","slug":"about","status":"publish","type":"page","link":"https:\/\/auto.sellamoo.com\/en\/about\/","title":{"rendered":"a propos"},"content":{"rendered":"<div class=\"vc_row wpb_row vc_row-fluid row-background-light\"><div class=\"vc_row-background-overlay\" style=\"opacity: 0.8;\"><\/div><div class=\"wpb_column vc_column_container vc_col-sm-12\"><div class=\"vc_column-inner\"><div class=\"wpb_wrapper\">\t<div id=\"cd_space_69f0bb70eaefa\" class=\"cd-space cd-space-69f0bb70eaf00\" style=\"clear:both; display:block;\"><\/div>\n\t<style type=\"text\/css\">#cd_space_69f0bb70eaefa{height:80px;}@media only screen and (max-width: 1200px){#cd_space_69f0bb70eaefa{ height:70px; } }@media only screen and (max-width: 992px) {#cd_space_69f0bb70eaefa{ height:60px; } }@media only screen and (max-width: 767px) {#cd_space_69f0bb70eaefa{ height:50px; } }@media only screen and (max-width: 479px) {#cd_space_69f0bb70eaefa{ height:40px; } }<\/style>\n\t\t<div class=\"section-title text-center style_1\">\n\t\t\t\t\t\t<span>Bon a savoir<\/span>\n\t\t\t\t\t\t\t<h1>A propos de Bucarsel<\/h1>\n\t\t\t\t\t\t\t<div class=\"separator\"><\/div>\n\t\t\t\t\t\t\t\t<p><\/p>\n<p style=\"text-align: center;\"><strong>BUCARSEL<\/strong>\u00a0est une plateforme professionnel d\u00e9di\u00e9 a solutionner et compenser les lacunes des services automobile dans notre pays, et \u00e9galement dans les pays africains. De l\u2019achat \u00e0 la ventes de vos v\u00e9hicule, passant par la location et bien d\u2019autres service d\u2019entretien automobile,\u00a0<strong>BUCARSEL<\/strong>\u00a0a un \u00e9cosyst\u00e8me hautement s\u00e9curis\u00e9 et adapt\u00e9 a vos besoins.<\/p>\n<p><\/p>\n\t\t\t\t\t<\/div>\n\t<div class=\"vc_row wpb_row vc_inner vc_row-fluid\"><div class=\"wpb_column vc_column_container vc_col-sm-4 vc_col-lg-6 vc_col-md-6\"><div class=\"vc_column-inner vc_custom_1486703717203\"><div class=\"wpb_wrapper\">\t\t<div class='owl-carousel'\n\t\tdata-nav-arrow='true'\n\t\tdata-nav-dots='false'\n\t\tdata-md-items='1'\n\t\tdata-sm-items='1'\n\t\tdata-xs-items='1'\n\t\tdata-xx-items='1'\n\t\tdata-space='0'\n\t\tdata-autoplay='true'\n\t\tdata-loop='false'\n\t\tdata-lazyload=''>\n\n\t\t\t\t\t\t\t<div class=\"item\">\n\t\t\t\t\t\t\t\t\t\t\t<img decoding=\"async\" class=\"center-block\" src=\"\" alt=\"\">\n\t\t\t\t\t\t\t\t\t<\/div>\n\t\t\t\t\t\t\t\t<div class=\"item\">\n\t\t\t\t\t\t\t\t\t\t\t<img decoding=\"async\" class=\"center-block\" src=\"https:\/\/auto.sellamoo.com\/wp-content\/uploads\/revslider\/car-key.png\" alt=\"\">\n\t\t\t\t\t\t\t\t\t<\/div>\n\t\t\t\t\n\t\t<\/div>\n\t\t<\/div><\/div><\/div><div class=\"wpb_column vc_column_container vc_col-sm-8 vc_col-lg-6 vc_col-md-6\"><div class=\"vc_column-inner vc_custom_1486703728748\"><div class=\"wpb_wrapper\">\n\t<div class=\"wpb_text_column wpb_content_element  wpb_animate_when_almost_visible wpb_fadeInRight fadeInRight extra_about\" >\n\t\t<div class=\"wpb_wrapper\">\n\t\t\t<p><strong>BUCARSEL<\/strong> vous met au d\u00e9fis de faire confiance a ces services et de ne pas \u00eatre d\u00e9\u00e7u. Vente, achat et location des v\u00e9hicules uniquement avec nos fournisseurs et clients de confiance.<\/p>\n<ul>\n<li style=\"list-style-type: none;\">\n<ul>\n<li style=\"list-style-type: none;\">\n<ul>\n<li style=\"list-style-type: none;\">\n<ul>\n<li>Commande de v\u00e9hicules<\/li>\n<li>Achat de v\u00e9hicules<\/li>\n<li>Vente de v\u00e9hicules<\/li>\n<li>Location de v\u00e9hicules<\/li>\n<li>Mis en relation de confiance<\/li>\n<li>Service auto d&#8217;entretient des v\u00e9hicules<\/li>\n<li>Publicit\u00e9 et annonces automobile.<\/li>\n<\/ul>\n<\/li>\n<\/ul>\n<\/li>\n<\/ul>\n<\/li>\n<\/ul>\n\n\t\t<\/div>\n\t<\/div>\n<\/div><\/div><\/div><\/div><div class=\"vc_separator wpb_content_element vc_separator_align_center vc_sep_width_80 vc_sep_shadow vc_sep_border_width_3 vc_sep_pos_align_center vc_separator_no_text vc_sep_color_blue  wpb_animate_when_almost_visible wpb_fadeInLeft fadeInLeft wpb_animate_when_almost_visible wpb_fadeInLeft fadeInLeft\" ><span class=\"vc_sep_holder vc_sep_holder_l\"><span  class=\"vc_sep_line\"><\/span><\/span><span class=\"vc_sep_holder vc_sep_holder_r\"><span  class=\"vc_sep_line\"><\/span><\/span>\n<\/div>\t<div id=\"cd_space_69f0bb70ebc04\" class=\"cd-space cd-space-69f0bb70ebc07\" style=\"clear:both; display:block;\"><\/div>\n\t<style type=\"text\/css\">#cd_space_69f0bb70ebc04{height:20px;}@media only screen and (max-width: 1200px){#cd_space_69f0bb70ebc04{ height:20px; } }@media only screen and (max-width: 992px) {#cd_space_69f0bb70ebc04{ height:20px; } }@media only screen and (max-width: 767px) {#cd_space_69f0bb70ebc04{ height:20px; } }@media only screen and (max-width: 479px) {#cd_space_69f0bb70ebc04{ height:20px; } }<\/style>\n\t\n\t<div class=\"wpb_text_column wpb_content_element\" >\n\t\t<div class=\"wpb_wrapper\">\n\t\t\t<p style=\"text-align: center;\"><span style=\"color: #000000;\">L&#8217;ensemble de ces services associer a des partenaires nationaux et internationaux permet l&#8217;existence d&#8217;un \u00e9cosyst\u00e8me favorable aux bonne op\u00e9rations des clients. <span style=\"color: #030366;\">N&#8217;attendez plus!! Joignez-vous a BUCARSEL et vivez l&#8217;experience automobile qui se diff\u00e9rencie des autres.<\/span><\/span><\/p>\n\n\t\t<\/div>\n\t<\/div>\n\t<div id=\"cd_space_69f0bb70ebcba\" class=\"cd-space cd-space-69f0bb70ebcbc\" style=\"clear:both; display:block;\"><\/div>\n\t<style type=\"text\/css\">#cd_space_69f0bb70ebcba{height:20px;}@media only screen and (max-width: 1200px){#cd_space_69f0bb70ebcba{ height:20px; } }@media only screen and (max-width: 992px) {#cd_space_69f0bb70ebcba{ height:20px; } }@media only screen and (max-width: 767px) {#cd_space_69f0bb70ebcba{ height:20px; } }@media only screen and (max-width: 479px) {#cd_space_69f0bb70ebcba{ height:20px; } }<\/style>\n\t<div class=\"vc_row wpb_row vc_inner vc_row-fluid\"><div class=\"wpb_column vc_column_container vc_col-sm-6 vc_col-lg-3 vc_col-md-3\"><div class=\"vc_column-inner vc_custom_1486703752853\"><div class=\"wpb_wrapper\">\t<div id=\"cd_feature_box_cd_feature_box_69f0bb70ebdef\" class=\"feature-box feature-border style-7  round-border box-hover no-image\">\n\t\t\t\t<div class=\"icon\">\n\t\t\t<i class=\"glyph-icon flaticon-customer-service\"><\/i>\n\t\t<\/div>\n\t\t<div class=\"content\">\n\t\t\t<a  id=\"cd_feature_box_69f0bb70ebdef\">\n\t\t\t\t<h6>ASSISTANCE 24H\/7<\/h6>\t\t\t<\/a>\n\t\t\t<p>Conscient de nos responsabilit\u00e9 envers vous chers client et fournisseurs, Bucarsel dispose d'un service d'assistance gratuit pour r\u00e9pondre a vos questions et pr\u00e9occupation 24\/24h<\/p>\t\t<\/div>\n\t<\/div>\n\t<\/div><\/div><\/div><div class=\"wpb_column vc_column_container vc_col-sm-6 vc_col-lg-3 vc_col-md-3\"><div class=\"vc_column-inner vc_custom_1486703762819\"><div class=\"wpb_wrapper\">\t<div id=\"cd_feature_box_cd_feature_box_69f0bb70ebed1\" class=\"feature-box feature-border style-7  round-border box-hover no-image\">\n\t\t\t\t<div class=\"icon\">\n\t\t\t<i class=\"glyph-icon flaticon-minivan\"><\/i>\n\t\t<\/div>\n\t\t<div class=\"content\">\n\t\t\t<a  id=\"cd_feature_box_69f0bb70ebed1\">\n\t\t\t\t<h6>PANOPLIE DE MARQUES<\/h6>\t\t\t<\/a>\n\t\t\t<p>Nous disposons d'une panoplie de marques de v\u00e9hicules pour toutes gout et cat\u00e9gorie possible. Recherchez et vous en trouverez la votre chez Bucarsel.<\/p>\t\t<\/div>\n\t<\/div>\n\t<\/div><\/div><\/div><div class=\"wpb_column vc_column_container vc_col-sm-6 vc_col-lg-3 vc_col-md-3\"><div class=\"vc_column-inner vc_custom_1486703775862\"><div class=\"wpb_wrapper\">\t<div id=\"cd_feature_box_cd_feature_box_69f0bb70ebf7c\" class=\"feature-box feature-border style-7  round-border box-hover no-image\">\n\t\t\t\t<div class=\"icon\">\n\t\t\t<i class=\"glyph-icon flaticon-key\"><\/i>\n\t\t<\/div>\n\t\t<div class=\"content\">\n\t\t\t<a  id=\"cd_feature_box_69f0bb70ebf7c\">\n\t\t\t\t<h6>ECOSYST\u00c8ME AUTHENTIQUE<\/h6>\t\t\t<\/a>\n\t\t\t<p>Nombreux sont des plateformes qui uses de faux sur l'authenticit\u00e9 des v\u00e9hicules expos\u00e9. Grace a l'\u00e9cosyst\u00e8me d'\u00e9change authentique et s\u00e9curis\u00e9 de Bucarsel vous pouvez interagir en toutes s\u00e9r\u00e9nit\u00e9.<\/p>\t\t<\/div>\n\t<\/div>\n\t<\/div><\/div><\/div><div class=\"wpb_column vc_column_container vc_col-sm-6 vc_col-lg-3 vc_col-md-3\"><div class=\"vc_column-inner vc_custom_1486703787951\"><div class=\"wpb_wrapper\">\t<div id=\"cd_feature_box_cd_feature_box_69f0bb70ec03b\" class=\"feature-box feature-border style-7  round-border box-hover no-image\">\n\t\t\t\t<div class=\"icon\">\n\t\t\t<i class=\"glyph-icon flaticon-wallet\"><\/i>\n\t\t<\/div>\n\t\t<div class=\"content\">\n\t\t\t<a  id=\"cd_feature_box_69f0bb70ec03b\">\n\t\t\t\t<h6>QUALIT\u00c9 - PRIX INCOMPARABLE<\/h6>\t\t\t<\/a>\n\t\t\t<p>Sauvez vos \u00e9conomies. Si vous avez souvent \u00e9t\u00e9 d\u00e9courag\u00e9 par prix d'autres plateformes, nous vous assurons que les meilleurs prix sont ici<\/p>\t\t<\/div>\n\t<\/div>\n\t<\/div><\/div><\/div><\/div>\t<div id=\"cd_space_69f0bb70ec0f8\" class=\"cd-space cd-space-69f0bb70ec0fb\" style=\"clear:both; display:block;\"><\/div>\n\t<style type=\"text\/css\">#cd_space_69f0bb70ec0f8{height:50px;}@media only screen and (max-width: 1200px){#cd_space_69f0bb70ec0f8{ height:50px; } }@media only screen and (max-width: 992px) {#cd_space_69f0bb70ec0f8{ height:50px; } }@media only screen and (max-width: 767px) {#cd_space_69f0bb70ec0f8{ height:50px; } }@media only screen and (max-width: 479px) {#cd_space_69f0bb70ec0f8{ height:40px; } }<\/style>\n\t<\/div><\/div><\/div><\/div><div class=\"vc_row wpb_row vc_row-fluid row-background-light\"><div class=\"vc_row-background-overlay\" style=\"opacity: 0.8;\"><\/div><div class=\"wpb_column vc_column_container vc_col-sm-12\"><div class=\"vc_column-inner\"><div class=\"wpb_wrapper\">\t<div class=\"section-title text-center style_1\">\n\t\t\t\t\t\t<span>Bucarsel, de son commencement a son actuel<\/span>\n\t\t\t\t\t\t\t<h1>Notre histoire<\/h1>\n\t\t\t\t\t\t\t<div class=\"separator\"><\/div>\n\t\t\t\t\t<\/div>\n\t\t<div id=\"cd_timeline-cd_timeline_69f0bb70ec4d0\" class=\"cd_timeline cd_timeline-vertical our-history\">\n\t\t<ul class=\"timeline list-style-none\">\n\t\t\t\t\t\t\t\t<li class=\"timeline-item timeline-item-odd\">\n\t\t\t\t\t\t<div class=\"timeline-badge\"><h4>1<\/h4><\/div>\n\t\t\t\t\t\t<div class=\"timeline-panel\">\n\t\t\t\t\t\t\t<div class=\"timeline-heading\">\n\t\t\t\t\t\t\t\t\t\t\t\t\t\t\t\t\t<h5>La gen\u00e8se<\/h5>\n\t\t\t\t\t\t\t\t\t\t\t\t\t\t\t\t<\/div>\n\t\t\t\t\t\t\t\t\t\t\t\t\t\t\t<div class=\"timeline-body\">\n\t\t\t\t\t\t\t\t\t<p>Tout a commenc\u00e9 par un besoin tout au tout simple. Lors d&#039;une organisation de mariage il y a quelque ann\u00e9e par de l&#039;un de nos connaissance, le service qui devais s&#039;assurer de la logistique des marier et convive, avais vraiment foirer sur des \u00e9l\u00e9ments tr\u00e8s \u00e9l\u00e9mentaire de leur devoir. De cette situation d\u00e9sagr\u00e9able fut n\u00e9e un vive besoin de ne plus retomber dans de telle situation a l&#039;avenir.<\/p>\n\t\t\t\t\t\t\t\t<\/div>\n\t\t\t\t\t\t\t\t\t\t\t\t\t\t<\/div>\n\t\t\t\t\t<\/li>\n\t\t\t\t\t\t\t\t\t\t<li class=\"timeline-item timeline-item-even timeline-inverted\">\n\t\t\t\t\t\t<div class=\"timeline-badge\"><h4>2<\/h4><\/div>\n\t\t\t\t\t\t<div class=\"timeline-panel\">\n\t\t\t\t\t\t\t<div class=\"timeline-heading\">\n\t\t\t\t\t\t\t\t\t\t\t\t\t\t\t\t\t<h5>Une p\u00e9riode d&#039;analyse sur le terrain<\/h5>\n\t\t\t\t\t\t\t\t\t\t\t\t\t\t\t\t<\/div>\n\t\t\t\t\t\t\t\t\t\t\t\t\t\t\t<div class=\"timeline-body\">\n\t\t\t\t\t\t\t\t\t<p>Quelques ann\u00e9e plus tard, nous nous somme mis a travailler sur cette vision qui avec le temps, grandissait d&#039;avantage. Plus nous nous renseignons sur le terrains, plus nous nous rendions compte que le probl\u00e8me \u00e9tait a l&#039;\u00e9chelle national, en effet, il n&#039;y avais pas de programme ou plateforme adapt\u00e9 mis sur pied pour r\u00e9pondre aux besoin sp\u00e9cifique et r\u00e9el que rencontre la population utilitaire de l&#039;automobile dans notre ch\u00e8re beau pays.\n\nSelon notre vision, les services existant \u00e9tais juste des services lambda qui ce contentais beaucoup plus de la routine populaire et non des besoin r\u00e9el du quotidien des usager. IL FALAIS FAIRE QUELQUE CHOSES.<\/p>\n\t\t\t\t\t\t\t\t<\/div>\n\t\t\t\t\t\t\t\t\t\t\t\t\t\t<\/div>\n\t\t\t\t\t<\/li>\n\t\t\t\t\t\t\t\t\t\t<li class=\"timeline-item timeline-item-odd\">\n\t\t\t\t\t\t<div class=\"timeline-badge\"><h4>3<\/h4><\/div>\n\t\t\t\t\t\t<div class=\"timeline-panel\">\n\t\t\t\t\t\t\t<div class=\"timeline-heading\">\n\t\t\t\t\t\t\t\t\t\t\t\t\t\t\t\t\t<h5>D&#039;une vision, a la r\u00e9alisation<\/h5>\n\t\t\t\t\t\t\t\t\t\t\t\t\t\t\t\t<\/div>\n\t\t\t\t\t\t\t\t\t\t\t\t\t\t\t<div class=\"timeline-body\">\n\t\t\t\t\t\t\t\t\t<p>D&#039;ordinaire, Il est plus facile de critiquer le terrains que d&#039;apporter une solution. Pour la r\u00e9alisation de notre vision de projet dont l&#039;essence m\u00eame est de trouver la solution au besoin automobile des fournisseur et consommateur, il nous fallait mat\u00e9rialiser nos id\u00e9es et la rendre concr\u00e8te. Ce qui signifie que elle devait \u00eatre le reflet de la r\u00e9alit\u00e9 que vive les usag\u00e9 et en m\u00eame tant, fournirai des solutions alternative a ces r\u00e9alit\u00e9s du terrain.\nC&#039;est ainsi que nais notre plateforme de vente, achat , location et services d&#039;entretient de v\u00e9hicules nomm\u00e9e BUCARSEL.  <\/p>\n\t\t\t\t\t\t\t\t<\/div>\n\t\t\t\t\t\t\t\t\t\t\t\t\t\t<\/div>\n\t\t\t\t\t<\/li>\n\t\t\t\t\t\t\t\t\t\t<li class=\"timeline-item timeline-item-even timeline-inverted\">\n\t\t\t\t\t\t<div class=\"timeline-badge\"><h4>4<\/h4><\/div>\n\t\t\t\t\t\t<div class=\"timeline-panel\">\n\t\t\t\t\t\t\t<div class=\"timeline-heading\">\n\t\t\t\t\t\t\t\t\t\t\t\t\t\t\t\t\t<h5>Pourquoi choisir et faire confiance a BUCARSEL<\/h5>\n\t\t\t\t\t\t\t\t\t\t\t\t\t\t\t\t<\/div>\n\t\t\t\t\t\t\t\t\t\t\t\t\t\t\t<div class=\"timeline-body\">\n\t\t\t\t\t\t\t\t\t<p>Nous ne vous promettrons le ciel et la terre, ni des services, fournisseur et v\u00e9hicules fictif. Nous vous promettons le respect Absolut de votre confiance. Cela signifie que si vous nous faites confiance, vous aurez le privil\u00e8ge de collaborer avec une plateforme moderne dont les concepteur ont eux-m\u00eames \u00e9t\u00e9 confronter au probl\u00e8me dont vous avez ou pourriez faire face et ont d\u00e9cider de palier a cela en mettant en \u0153uvre un \u00e9cosyst\u00e8me automobile authentique, favorable, collaboratif et \u00e9volutif dans lequel vous \u00eates compris consid\u00e9rer particuli\u00e8rement. L&#039;\u00e9cosyst\u00e8me de BUCARSEL est flexible, s\u00e9curis\u00e9 l\u00e9galement et moralement, et elle est poss\u00e8de une capacit\u00e9 orient\u00e9 qualit\u00e9-Prix face au services offert.  <\/p>\n\t\t\t\t\t\t\t\t<\/div>\n\t\t\t\t\t\t\t\t\t\t\t\t\t\t<\/div>\n\t\t\t\t\t<\/li>\n\t\t\t\t\t\t\t<\/ul>\n\t<\/div>\n\t<\/div><\/div><\/div><\/div><div data-vc-full-width=\"true\" data-vc-full-width-init=\"false\" data-vc-parallax=\"2.5\" data-vc-parallax-image=\"\" class=\"vc_row wpb_row vc_row-fluid row-background-dark vc_row-has-fill vc_general vc_parallax vc_parallax-content-moving\"><div class=\"vc_row-background-overlay\" style=\"background-color: #000000;opacity: 0.7;\"><\/div><div class=\"wpb_column vc_column_container vc_col-sm-12\"><div class=\"vc_column-inner\"><div class=\"wpb_wrapper\">\t<div id=\"cd_space_69f0bb70eca79\" class=\"cd-space cd-space-69f0bb70eca7c\" style=\"clear:both; display:block;\"><\/div>\n\t<style type=\"text\/css\">#cd_space_69f0bb70eca79{height:50px;}@media only screen and (max-width: 1200px){#cd_space_69f0bb70eca79{ height:50px; } }@media only screen and (max-width: 992px) {#cd_space_69f0bb70eca79{ height:50px; } }@media only screen and (max-width: 767px) {#cd_space_69f0bb70eca79{ height:50px; } }@media only screen and (max-width: 479px) {#cd_space_69f0bb70eca79{ height:40px; } }<\/style>\n\t<\/div><\/div><\/div><\/div><div class=\"vc_row-full-width vc_clearfix\"><\/div><div class=\"vc_row wpb_row vc_row-fluid row-background-light\"><div class=\"vc_row-background-overlay\" style=\"opacity: 0.8;\"><\/div><div class=\"wpb_column vc_column_container vc_col-sm-12\"><div class=\"vc_column-inner\"><div class=\"wpb_wrapper\"><div class=\"vc_separator wpb_content_element vc_separator_align_center vc_sep_width_100 vc_sep_pos_align_center vc_sep_color_grey vc_separator-has-text\" ><span class=\"vc_sep_holder vc_sep_holder_l\"><span  class=\"vc_sep_line\"><\/span><\/span><div class=\"vc_icon_element vc_icon_element-outer vc_icon_element-align-left\"><div class=\"vc_icon_element-inner vc_icon_element-color-blue vc_icon_element-size-sm vc_icon_element-style- vc_icon_element-background-color-grey\" ><span class=\"vc_icon_element-icon fas fa-id-card-alt\" ><\/span><\/div><\/div><h4>Restons connecter<\/h4><span class=\"vc_sep_holder vc_sep_holder_r\"><span  class=\"vc_sep_line\"><\/span><\/span>\n<\/div><\/div><\/div><\/div><\/div>","protected":false},"excerpt":{"rendered":"Bon a savoir A propos de Bucarsel BUCARSEL\u00a0est une plateforme professionnel d\u00e9di\u00e9 a solutionner et compenser les lacunes des services automobile dans notre pays, et \u00e9galement dans les pays africains. De l\u2019achat \u00e0 la ventes de vos v\u00e9hicule, passant par la location et bien d\u2019autres service d\u2019entretien automobile,\u00a0BUCARSEL\u00a0a un \u00e9cosyst\u00e8me hautement s\u00e9curis\u00e9 et adapt\u00e9 a [...]","protected":false},"author":1,"featured_media":0,"parent":0,"menu_order":0,"comment_status":"closed","ping_status":"closed","template":"templates\/page-vc_compatible.php","meta":{"pmpro_default_level":0,"_surecart_dashboard_logo_width":"180px","_surecart_dashboard_show_logo":true,"_surecart_dashboard_navigation_orders":true,"_surecart_dashboard_navigation_subscriptions":true,"_surecart_dashboard_navigation_downloads":true,"_surecart_dashboard_navigation_billing":true,"_surecart_dashboard_navigation_account":true,"footnotes":""},"class_list":["post-1715","page","type-page","status-publish","hentry","pmpro-has-access"],"acf":[],"aioseo_notices":[],"_links":{"self":[{"href":"https:\/\/auto.sellamoo.com\/en\/wp-json\/wp\/v2\/pages\/1715","targetHints":{"allow":["GET"]}}],"collection":[{"href":"https:\/\/auto.sellamoo.com\/en\/wp-json\/wp\/v2\/pages"}],"about":[{"href":"https:\/\/auto.sellamoo.com\/en\/wp-json\/wp\/v2\/types\/page"}],"author":[{"embeddable":true,"href":"https:\/\/auto.sellamoo.com\/en\/wp-json\/wp\/v2\/users\/1"}],"replies":[{"embeddable":true,"href":"https:\/\/auto.sellamoo.com\/en\/wp-json\/wp\/v2\/comments?post=1715"}],"version-history":[{"count":10,"href":"https:\/\/auto.sellamoo.com\/en\/wp-json\/wp\/v2\/pages\/1715\/revisions"}],"predecessor-version":[{"id":7810,"href":"https:\/\/auto.sellamoo.com\/en\/wp-json\/wp\/v2\/pages\/1715\/revisions\/7810"}],"wp:attachment":[{"href":"https:\/\/auto.sellamoo.com\/en\/wp-json\/wp\/v2\/media?parent=1715"}],"curies":[{"name":"wp","href":"https:\/\/api.w.org\/{rel}","templated":true}]}}