{"id":2563,"date":"2022-07-10T19:27:22","date_gmt":"2022-07-10T19:27:22","guid":{"rendered":"http:\/\/themes.potenzaglobal.com\/cardealer\/?page_id=2563"},"modified":"2024-12-26T15:08:08","modified_gmt":"2024-12-26T15:08:08","slug":"services","status":"publish","type":"page","link":"https:\/\/auto.sellamoo.com\/en\/services\/","title":{"rendered":"Services"},"content":{"rendered":"<div class=\"vc_row wpb_row vc_row-fluid row-background-light\"><div class=\"vc_row-background-overlay\" style=\"opacity: 0.8;\"><\/div><div class=\"wpb_column vc_column_container vc_col-sm-12\"><div class=\"vc_column-inner\"><div class=\"wpb_wrapper\">\t<div id=\"cd_space_69f0bb748c960\" class=\"cd-space cd-space-69f0bb748c963\" style=\"clear:both; display:block;\"><\/div>\n\t<style type=\"text\/css\">#cd_space_69f0bb748c960{height:80px;}@media only screen and (max-width: 1200px){#cd_space_69f0bb748c960{ height:70px; } }@media only screen and (max-width: 992px) {#cd_space_69f0bb748c960{ height:60px; } }@media only screen and (max-width: 767px) {#cd_space_69f0bb748c960{ height:50px; } }@media only screen and (max-width: 479px) {#cd_space_69f0bb748c960{ height:40px; } }<\/style>\n\t<\/div><\/div><\/div><\/div><div class=\"vc_row wpb_row vc_row-fluid row-background-light\"><div class=\"vc_row-background-overlay\" style=\"opacity: 0.8;\"><\/div><div class=\"wpb_column vc_column_container vc_col-sm-12\"><div class=\"vc_column-inner\"><div class=\"wpb_wrapper\">\t<div id=\"cd_space_69f0bb748cb4a\" class=\"cd-space cd-space-69f0bb748cb4e\" style=\"clear:both; display:block;\"><\/div>\n\t<style type=\"text\/css\">#cd_space_69f0bb748cb4a{height:80px;}@media only screen and (max-width: 1200px){#cd_space_69f0bb748cb4a{ height:70px; } }@media only screen and (max-width: 992px) {#cd_space_69f0bb748cb4a{ height:60px; } }@media only screen and (max-width: 767px) {#cd_space_69f0bb748cb4a{ height:50px; } }@media only screen and (max-width: 479px) {#cd_space_69f0bb748cb4a{ height:40px; } }<\/style>\n\t\t<div class=\"section-title text-center style_1\">\n\t\t\t\t\t\t<span>Nous sommes d\u00e9vou\u00e9 a vous offrir<\/span>\n\t\t\t\t\t\t\t<h1>Nos Services de qualit\u00e9<\/h1>\n\t\t\t\t\t\t\t<div class=\"separator\"><\/div>\n\t\t\t\t\t<\/div>\n\t\n\t<div class=\"wpb_text_column wpb_content_element  wpb_animate_when_almost_visible wpb_fadeInLeft fadeInLeft vc_custom_1735222959566\" >\n\t\t<div class=\"wpb_wrapper\">\n\t\t\t<h5 style=\"text-align: center;\">Chez Bucarsel, chaque service que nous offrons est ex\u00e9cut\u00e9 avec un souci constant de qualit\u00e9 et d\u2019excellence. Nous mettons tout en \u0153uvre pour garantir des r\u00e9sultats irr\u00e9prochables, car nous croyons que la perfection est un objectif \u00e0 atteindre \u00e0 chaque \u00e9tape de notre travail.<\/h5>\n\n\t\t<\/div>\n\t<\/div>\n<div class=\"vc_row wpb_row vc_inner vc_row-fluid vc_custom_1485862138333\"><div class=\"single_service wpb_column vc_column_container vc_col-sm-4\"><div class=\"vc_column-inner\"><div class=\"wpb_wrapper\">\t<div id=\"cd_feature_box_cd_feature_box_69f0bb748cdc3\" class=\"feature-box feature-border style-4  default-feature box-hover no-image\">\n\t\t\t\t<div class=\"icon\">\n\t\t\t<i class=\"glyph-icon flaticon-transport-2\"><\/i>\n\t\t<\/div>\n\t\t<div class=\"content\">\n\t\t\t<a href=\"https:\/\/auto.sellamoo.com\/vehicules\/\" title=\"Vehicles vendors Zone\" target=\"_blank\" id=\"cd_feature_box_69f0bb748cdc3\">\n\t\t\t\t<h6>Vente de v\u00e9hicules<\/h6>\t\t\t<\/a>\n\t\t\t<p>Pour une fois dans votre vie, vous aurez l'opportunit\u00e9 de vivre la plus grande exp\u00e9rience de vente de v\u00e9hicules en ligne avec Bucarsell. Vous n'avez jamais entendu parler de nous ? D\u00e9couvrez-le par vous-m\u00eame d\u00e8s maintenant !<\/p>\t\t<\/div>\n\t<\/div>\n\t<\/div><\/div><\/div><div class=\"single_service wpb_column vc_column_container vc_col-sm-4\"><div class=\"vc_column-inner\"><div class=\"wpb_wrapper\">\t<div id=\"cd_feature_box_cd_feature_box_69f0bb748ce9e\" class=\"feature-box feature-border style-4  default-feature no-image\">\n\t\t\t\t<div class=\"icon\">\n\t\t\t<i class=\"glyph-icon flaticon-car\"><\/i>\n\t\t<\/div>\n\t\t<div class=\"content\">\n\t\t\t<a href=\"https:\/\/auto.sellamoo.com\/vehicles\/rentals\" title=\"Vehic-Rentals\" target=\"_blank\" id=\"cd_feature_box_69f0bb748ce9e\">\n\t\t\t\t<h6>Location de v\u00e9hicules<\/h6>\t\t\t<\/a>\n\t\t\t<p>Louez-vous des v\u00e9hicules ? Ou avez-vous besoin d'un bon v\u00e9hicule adapt\u00e9 pour quelques p\u00e9riodes ? Jetez un \u0153il aux services de location de v\u00e9hicules de Bucarsell ! Nous offrons des service de location de qualit\u00e9 qui vous satisferons.<\/p>\t\t<\/div>\n\t<\/div>\n\t<\/div><\/div><\/div><div class=\"single_service wpb_column vc_column_container vc_col-sm-4\"><div class=\"vc_column-inner\"><div class=\"wpb_wrapper\">\t<div id=\"cd_feature_box_cd_feature_box_69f0bb748cf7f\" class=\"feature-box feature-border style-4  default-feature no-image\">\n\t\t\t\t<div class=\"icon\">\n\t\t\t<i class=\"glyph-icon flaticon-key\"><\/i>\n\t\t<\/div>\n\t\t<div class=\"content\">\n\t\t\t<a  id=\"cd_feature_box_69f0bb748cf7f\">\n\t\t\t\t<h6>PARKING AUTO<\/h6>\t\t\t<\/a>\n\t\t\t<p>Les services de BUCARSEL impliquent \u00e9galement la prise en charge s\u00e9curis\u00e9 de vos v\u00e9hicules. Nous poss\u00e9dons plusieurs parkings s\u00e9curis\u00e9s, en plus de ceux de nos partenaires les plus fiables et privil\u00e9gi\u00e9s. Visitez nos garages disponible.<\/p>\t\t<\/div>\n\t<\/div>\n\t<\/div><\/div><\/div><div class=\"single_service wpb_column vc_column_container vc_col-sm-4\"><div class=\"vc_column-inner\"><div class=\"wpb_wrapper\">\t<div id=\"cd_feature_box_cd_feature_box_69f0bb748d037\" class=\"feature-box feature-border style-4  default-feature no-image\">\n\t\t\t\t<div class=\"icon\">\n\t\t\t<i class=\"glyph-icon flaticon-car-repair\"><\/i>\n\t\t<\/div>\n\t\t<div class=\"content\">\n\t\t\t<a  id=\"cd_feature_box_69f0bb748d037\">\n\t\t\t\t<h6>GARAGE AUTO<\/h6>\t\t\t<\/a>\n\t\t\t<p>Bucarsell met \u00e0 votre disposition des services de garage automobile de haute qualit\u00e9, disponibles dans ses diff\u00e9rents points strat\u00e9giquement implant\u00e9s \u00e0 travers la ville de Yaound\u00e9, douala, Bertoua et bien d'autres. Des service rapides et adapt\u00e9es \u00e0 vos besoins, pour garantir l\u2019entretien optimal de vos v\u00e9hicules.<\/p>\t\t<\/div>\n\t<\/div>\n\t<\/div><\/div><\/div><div class=\"single_service wpb_column vc_column_container vc_col-sm-4\"><div class=\"vc_column-inner\"><div class=\"wpb_wrapper\">\t<div id=\"cd_feature_box_cd_feature_box_69f0bb748d0e9\" class=\"feature-box feature-border style-4  default-feature box-hover no-image\">\n\t\t\t\t<div class=\"icon\">\n\t\t\t<i class=\"glyph-icon flaticon-steering-wheel\"><\/i>\n\t\t<\/div>\n\t\t<div class=\"content\">\n\t\t\t<a  id=\"cd_feature_box_69f0bb748d0e9\">\n\t\t\t\t<h6>Teste de Conduite<\/h6>\t\t\t<\/a>\n\t\t\t<p>Avant l\u2019acquisition d\u2019un v\u00e9hicule, nous offrons un service de test de conduite et de performance sur le terrain, disponible sur demande, pour vous garantir un choix \u00e9clair\u00e9 et adapt\u00e9 \u00e0 vos besoins. De plus, en partenariat avec des auto-\u00e9coles qualifi\u00e9, nous vous accompagnons dans l\u2019apprentissage de la conduite et la ma\u00eetrise des bases n\u00e9cessaires.<\/p>\t\t<\/div>\n\t<\/div>\n\t<\/div><\/div><\/div><div class=\"single_service wpb_column vc_column_container vc_col-sm-4\"><div class=\"vc_column-inner\"><div class=\"wpb_wrapper\">\t<div id=\"cd_feature_box_cd_feature_box_69f0bb748d195\" class=\"feature-box feature-border style-4  default-feature no-image\">\n\t\t\t\t<div class=\"icon\">\n\t\t\t<i class=\"glyph-icon flaticon-car-wash\"><\/i>\n\t\t<\/div>\n\t\t<div class=\"content\">\n\t\t\t<a  id=\"cd_feature_box_69f0bb748d195\">\n\t\t\t\t<h6>Laverie<\/h6>\t\t\t<\/a>\n\t\t\t<p>Nous travaillons \u00e9galement en partenariat avec des stations de lavage qualifi\u00e9es et reconnues dans plusieurs villes du Cameroun pour offrir un service de laverie automobile r\u00e9pondant aux normes de qualit\u00e9 les plus exigeantes. Cela inclut \u00e9galement la s\u00e9curit\u00e9 de vos effets personnels parfois oubli\u00e9s dans les v\u00e9hicules.<\/p>\t\t<\/div>\n\t<\/div>\n\t<\/div><\/div><\/div><\/div>\t<div id=\"cd_space_69f0bb748d233\" class=\"cd-space cd-space-69f0bb748d236\" style=\"clear:both; display:block;\"><\/div>\n\t<style type=\"text\/css\">#cd_space_69f0bb748d233{height:80px;}@media only screen and (max-width: 1200px){#cd_space_69f0bb748d233{ height:70px; } }@media only screen and (max-width: 992px) {#cd_space_69f0bb748d233{ height:60px; } }@media only screen and (max-width: 767px) {#cd_space_69f0bb748d233{ height:50px; } }@media only screen and (max-width: 479px) {#cd_space_69f0bb748d233{ height:40px; } }<\/style>\n\t<\/div><\/div><\/div><\/div><div class=\"vc_row wpb_row vc_row-fluid row-background-light\"><div class=\"vc_row-background-overlay\" style=\"opacity: 0.8;\"><\/div><div class=\"wpb_column vc_column_container vc_col-sm-12\"><div class=\"vc_column-inner\"><div class=\"wpb_wrapper\">\t<div class=\"section-title text-center style_1\">\n\t\t\t\t\t\t<span>Ce que nous faisons, nous le rapprochons de la perfection<\/span>\n\t\t\t\t\t\t\t<h1>Prenez rendez-vous pour nos services<\/h1>\n\t\t\t\t\t\t\t<div class=\"separator\"><\/div>\n\t\t\t\t\t<\/div>\n\t<div class=\"vc_row wpb_row vc_inner vc_row-fluid\"><div class=\"wpb_column vc_column_container vc_col-sm-8\"><div class=\"vc_column-inner\"><div class=\"wpb_wrapper\">\n\t<div class=\"wpb_text_column wpb_content_element\" >\n\t\t<div class=\"wpb_wrapper\">\n\t\t\t\n<div class=\"wpcf7 no-js\" id=\"wpcf7-f2736-o1\" lang=\"en-US\" dir=\"ltr\" data-wpcf7-id=\"2736\">\n<div class=\"screen-reader-response\"><p role=\"status\" aria-live=\"polite\" aria-atomic=\"true\"><\/p> <ul><\/ul><\/div>\n<form action=\"\/en\/wp-json\/wp\/v2\/pages\/2563#wpcf7-f2736-o1\" method=\"post\" class=\"wpcf7-form init form-horizontal\" aria-label=\"Contact form\" novalidate=\"novalidate\" data-status=\"init\" data-trp-original-action=\"\/en\/wp-json\/wp\/v2\/pages\/2563#wpcf7-f2736-o1\">\n<div style=\"display: none;\">\n<input type=\"hidden\" name=\"_wpcf7\" value=\"2736\" \/>\n<input type=\"hidden\" name=\"_wpcf7_version\" value=\"6.0.6\" \/>\n<input type=\"hidden\" name=\"_wpcf7_locale\" value=\"en_US\" \/>\n<input type=\"hidden\" name=\"_wpcf7_unit_tag\" value=\"wpcf7-f2736-o1\" \/>\n<input type=\"hidden\" name=\"_wpcf7_container_post\" value=\"0\" \/>\n<input type=\"hidden\" name=\"_wpcf7_posted_data_hash\" value=\"\" \/>\n<input type=\"hidden\" name=\"cdhl_skip_fields\" value=\"\" \/>\n<\/div>\n<div class=\"contact-form row\">\n\t<div class=\"col-lg-4 col-md-4\">\n\t\t<div class=\"form-group\">\n\t\t\t<p><span class=\"wpcf7-form-control-wrap\" data-name=\"name\"><input size=\"40\" maxlength=\"400\" class=\"wpcf7-form-control wpcf7-text wpcf7-validates-as-required form-control\" aria-required=\"true\" aria-invalid=\"false\" placeholder=\"Name*\" value=\"\" type=\"text\" name=\"name\" \/><\/span>\n\t\t\t<\/p>\n\t\t<\/div>\n\t<\/div>\n\t<div class=\"col-lg-4 col-md-4\">\n\t\t<div class=\"form-group\">\n\t\t\t<p><span class=\"wpcf7-form-control-wrap\" data-name=\"email\"><input size=\"40\" maxlength=\"400\" class=\"wpcf7-form-control wpcf7-email wpcf7-validates-as-required wpcf7-text wpcf7-validates-as-email form-control\" aria-required=\"true\" aria-invalid=\"false\" placeholder=\"Email*\" value=\"\" type=\"email\" name=\"email\" \/><\/span>\n\t\t\t<\/p>\n\t\t<\/div>\n\t<\/div>\n\t<div class=\"col-lg-4 col-md-4\">\n\t\t<div class=\"form-group\">\n\t\t\t<p><span class=\"wpcf7-form-control-wrap\" data-name=\"phone\"><input size=\"40\" maxlength=\"400\" class=\"wpcf7-form-control wpcf7-text wpcf7-validates-as-required form-control input-message\" aria-required=\"true\" aria-invalid=\"false\" placeholder=\"Phone*\" value=\"\" type=\"text\" name=\"phone\" \/><\/span>\n\t\t\t<\/p>\n\t\t<\/div>\n\t<\/div>\n\t<div class=\"col-lg-12 col-md-12\">\n\t\t<div class=\"form-group\">\n\t\t\t<p><span class=\"wpcf7-form-control-wrap\" data-name=\"comment\"><textarea cols=\"40\" rows=\"10\" maxlength=\"2000\" class=\"wpcf7-form-control wpcf7-textarea wpcf7-validates-as-required form-control\" aria-required=\"true\" aria-invalid=\"false\" placeholder=\"Comment*\" name=\"comment\"><\/textarea><\/span>\n\t\t\t<\/p>\n\t\t<\/div>\n\t<\/div>\n\t<div class=\"col-lg-12 col-md-12\">\n\t\t<p><input class=\"wpcf7-form-control wpcf7-submit has-spinner button red\" type=\"submit\" value=\"Send\" \/>\n\t\t<\/p>\n\t<\/div>\n<\/div><div class=\"wpcf7-response-output\" aria-hidden=\"true\"><\/div>\n<input type=\"hidden\" name=\"trp-form-language\" value=\"en\"\/><\/form>\n<\/div>\n\n\n\t\t<\/div>\n\t<\/div>\n<\/div><\/div><\/div><div class=\"wpb_column vc_column_container vc_col-sm-4\"><div class=\"vc_column-inner\"><div class=\"wpb_wrapper\">\t<div class=\"opening-hours gray-bg\">\n\t\t<h6>Heures d&#039;ouverture<\/h6>\n\t\t<ul class=\"list-style-none\">\n\t\t\t<li>\n\t\t\t\t<strong>Monday<\/strong>\n\t\t\t\t\t\t\t\t\t<span>9:00 AM to 9:00 PM<\/span>\n\t\t\t\t\t\t\t\t<\/li>\n\t\t\t<li>\n\t\t\t\t<strong>Tuesday<\/strong>\n\t\t\t\t\t\t\t\t\t<span>9:00 AM to 9:00 PM<\/span>\n\t\t\t\t\t\t\t\t<\/li>\n\t\t\t<li>\n\t\t\t\t<strong>Wednesday<\/strong>\n\t\t\t\t\t\t\t\t\t<span>9:00 AM to 9:00 PM<\/span>\n\t\t\t\t\t\t\t\t<\/li>\n\t\t\t<li>\n\t\t\t\t<strong>Thursday<\/strong>\n\t\t\t\t\t\t\t\t\t<span>9:00 AM to 9:00 PM<\/span>\n\t\t\t\t\t\t\t\t<\/li>\n\t\t\t<li>\n\t\t\t\t<strong>Friday<\/strong>\n\t\t\t\t\t\t\t\t\t<span>9:00 AM to 9:00 PM<\/span>\n\t\t\t\t\t\t\t\t<\/li>\n\t\t\t<li>\n\t\t\t\t<strong>Saturday<\/strong>\n\t\t\t\t\t\t\t\t\t<span>9:00 AM to 9:00 PM<\/span>\n\t\t\t\t\t\t\t\t<\/li>\n\t\t\t<li>\n\t\t\t\t<strong>Sunday<\/strong>\n\t\t\t\t\t\t\t\t\t<span>Fermer (Sauf cas d&#039;urgences)<\/span>\n\t\t\t\t\t\t\t\t<\/li>\n\t\t<\/ul>\n\t<\/div>\n\t<\/div><\/div><\/div><\/div>\t<div id=\"cd_space_69f0bb748ddc5\" class=\"cd-space cd-space-69f0bb748ddc8\" style=\"clear:both; display:block;\"><\/div>\n\t<style type=\"text\/css\">#cd_space_69f0bb748ddc5{height:80px;}@media only screen and (max-width: 1200px){#cd_space_69f0bb748ddc5{ height:70px; } }@media only screen and (max-width: 992px) {#cd_space_69f0bb748ddc5{ height:60px; } }@media only screen and (max-width: 767px) {#cd_space_69f0bb748ddc5{ height:50px; } }@media only screen and (max-width: 479px) {#cd_space_69f0bb748ddc5{ height:40px; } }<\/style>\n\t<\/div><\/div><\/div><\/div>","protected":false},"excerpt":{"rendered":"Nous sommes d\u00e9vou\u00e9 a vous offrir Nos Services de qualit\u00e9 Chez Bucarsel, chaque service que nous offrons est ex\u00e9cut\u00e9 avec un souci constant de qualit\u00e9 et d\u2019excellence. Nous mettons tout en \u0153uvre pour garantir des r\u00e9sultats irr\u00e9prochables, car nous croyons que la perfection est un objectif \u00e0 atteindre \u00e0 chaque \u00e9tape de notre travail. Vente [...]","protected":false},"author":1,"featured_media":0,"parent":0,"menu_order":0,"comment_status":"closed","ping_status":"closed","template":"templates\/page-vc_compatible.php","meta":{"pmpro_default_level":0,"_surecart_dashboard_logo_width":"180px","_surecart_dashboard_show_logo":true,"_surecart_dashboard_navigation_orders":true,"_surecart_dashboard_navigation_subscriptions":true,"_surecart_dashboard_navigation_downloads":true,"_surecart_dashboard_navigation_billing":true,"_surecart_dashboard_navigation_account":true,"footnotes":""},"class_list":["post-2563","page","type-page","status-publish","hentry","pmpro-has-access"],"acf":[],"aioseo_notices":[],"_links":{"self":[{"href":"https:\/\/auto.sellamoo.com\/en\/wp-json\/wp\/v2\/pages\/2563","targetHints":{"allow":["GET"]}}],"collection":[{"href":"https:\/\/auto.sellamoo.com\/en\/wp-json\/wp\/v2\/pages"}],"about":[{"href":"https:\/\/auto.sellamoo.com\/en\/wp-json\/wp\/v2\/types\/page"}],"author":[{"embeddable":true,"href":"https:\/\/auto.sellamoo.com\/en\/wp-json\/wp\/v2\/users\/1"}],"replies":[{"embeddable":true,"href":"https:\/\/auto.sellamoo.com\/en\/wp-json\/wp\/v2\/comments?post=2563"}],"version-history":[{"count":22,"href":"https:\/\/auto.sellamoo.com\/en\/wp-json\/wp\/v2\/pages\/2563\/revisions"}],"predecessor-version":[{"id":8514,"href":"https:\/\/auto.sellamoo.com\/en\/wp-json\/wp\/v2\/pages\/2563\/revisions\/8514"}],"wp:attachment":[{"href":"https:\/\/auto.sellamoo.com\/en\/wp-json\/wp\/v2\/media?parent=2563"}],"curies":[{"name":"wp","href":"https:\/\/api.w.org\/{rel}","templated":true}]}}