{"id":8549,"date":"2024-12-26T17:59:02","date_gmt":"2024-12-26T17:59:02","guid":{"rendered":"https:\/\/auto.sellamoo.com\/?page_id=8549"},"modified":"2024-12-27T16:21:41","modified_gmt":"2024-12-27T16:21:41","slug":"apps","status":"publish","type":"page","link":"https:\/\/auto.sellamoo.com\/en\/apps\/","title":{"rendered":"Application Bucarsell"},"content":{"rendered":"<div class=\"vc_row wpb_row vc_row-fluid row-background-light\"><div class=\"vc_row-background-overlay\" style=\"opacity: 0.8;\"><\/div><div class=\"wpb_column vc_column_container vc_col-sm-12\"><div class=\"vc_column-inner\"><div class=\"wpb_wrapper\">\t<div id=\"cd_space_69f0dc1616467\" class=\"cd-space cd-space-69f0dc161646b\" style=\"clear:both; display:block;\"><\/div>\n\t<style type=\"text\/css\">#cd_space_69f0dc1616467{height:80px;}@media only screen and (max-width: 1200px){#cd_space_69f0dc1616467{ height:70px; } }@media only screen and (max-width: 992px) {#cd_space_69f0dc1616467{ height:60px; } }@media only screen and (max-width: 767px) {#cd_space_69f0dc1616467{ height:50px; } }@media only screen and (max-width: 479px) {#cd_space_69f0dc1616467{ height:40px; } }<\/style>\n\t<\/div><\/div><\/div><\/div><div class=\"vc_row wpb_row vc_row-fluid row-background-light\"><div class=\"vc_row-background-overlay\" style=\"opacity: 0.8;\"><\/div><div class=\"wpb_column vc_column_container vc_col-sm-12\"><div class=\"vc_column-inner\"><div class=\"wpb_wrapper\">\t<div class=\"section-title text-center style_1\">\n\t\t\t\t\t\t<span>Nos \u00e9quipes de d\u00e9veloppeur vous propose<\/span>\n\t\t\t\t\t\t\t<h1>Des versions d&#039;application mobile<\/h1>\n\t\t\t\t\t\t\t<div class=\"separator\"><\/div>\n\t\t\t\t\t<\/div>\n\t\n\t<div class=\"wpb_text_column wpb_content_element  wpb_animate_when_almost_visible wpb_fadeInLeft fadeInLeft vc_custom_1735237599252\" >\n\t\t<div class=\"wpb_wrapper\">\n\t\t\t<h5 style=\"text-align: center;\">Nous d\u00e9veloppons l&#8217;applications mobiles (Bucarsell app) sur mesure pour vous, alliant innovation et performance. Notre \u00e9quipe dynamique de d\u00e9veloppeurs talentueux met son expertise a votre service, qu&#8217;il s&#8217;agisse d&#8217;applications <a href=\"https:\/\/auto.sellamoo.com\/wp-content\/uploads\/2024\/12\/Bucarsell-auto_3_1.0.apk\">Android<\/a> ou iOS.<\/h5>\n\n\t\t<\/div>\n\t<\/div>\n<\/div><\/div><\/div><\/div><div class=\"vc_row wpb_row vc_row-fluid row-background-light\"><div class=\"vc_row-background-overlay\" style=\"opacity: 0.8;\"><\/div><div class=\"wpb_column vc_column_container vc_col-sm-2\"><div class=\"vc_column-inner\"><div class=\"wpb_wrapper\"><\/div><\/div><\/div><div class=\"wpb_column vc_column_container vc_col-sm-8\"><div class=\"vc_column-inner\"><div class=\"wpb_wrapper\"><div class=\"vc_row wpb_row vc_inner vc_row-fluid vc_custom_1485862138333\"><div class=\"single_service wpb_column vc_column_container vc_col-sm-6\"><div class=\"vc_column-inner\"><div class=\"wpb_wrapper\">\t<div id=\"cd_feature_box_cd_feature_box_69f0dc1616cad\" class=\"feature-box feature-border style-4  default-feature box-hover no-image\">\n\t\t\t\t<div class=\"icon\">\n\t\t\t<i class=\"fab fa-android\"><\/i>\n\t\t<\/div>\n\t\t<div class=\"content\">\n\t\t\t<a href=\"https:\/\/auto.sellamoo.com\/wp-content\/uploads\/2024\/12\/Bucarsell-auto_3_1.0.apk\" title=\"Telecharger\" target=\"_blank\" id=\"cd_feature_box_69f0dc1616cad\">\n\t\t\t\t<h6>Version Android (APK)<\/h6>\t\t\t<\/a>\n\t\t\t<p>Bucarsell vous permet de g\u00e9rer toutes vos transactions automobiles en un seul endroit, offrant des solutions pour la vente, l'achat, la location de v\u00e9hicules, ainsi que la r\u00e9servation et la vente de pi\u00e8ces d\u00e9tach\u00e9es.<\/p>\t\t<\/div>\n\t<\/div>\n\t\n\t<div  class=\"wpb_single_image wpb_content_element vc_align_center  wpb_animate_when_almost_visible wpb_fadeInUp fadeInUp\">\n\t\t\n\t\t<figure class=\"wpb_wrapper vc_figure\">\n\t\t\t<div class=\"vc_single_image-wrapper   vc_box_border_grey\"><img loading=\"lazy\" decoding=\"async\" width=\"250\" height=\"250\" src=\"https:\/\/auto.sellamoo.com\/wp-content\/uploads\/2024\/12\/Bucarsell_logo_light_Small_transparent_Bg.webp\" class=\"vc_single_image-img attachment-medium\" alt=\"\" title=\"Bucarsell_logo_light_Small_transparent_Bg\" srcset=\"https:\/\/auto.sellamoo.com\/wp-content\/uploads\/2024\/12\/Bucarsell_logo_light_Small_transparent_Bg.webp 250w, https:\/\/auto.sellamoo.com\/wp-content\/uploads\/2024\/12\/Bucarsell_logo_light_Small_transparent_Bg-150x150.webp 150w, https:\/\/auto.sellamoo.com\/wp-content\/uploads\/2024\/12\/Bucarsell_logo_light_Small_transparent_Bg-12x12.webp 12w, https:\/\/auto.sellamoo.com\/wp-content\/uploads\/2024\/12\/Bucarsell_logo_light_Small_transparent_Bg-50x50.webp 50w, https:\/\/auto.sellamoo.com\/wp-content\/uploads\/2024\/12\/Bucarsell_logo_light_Small_transparent_Bg-100x100.webp 100w\" sizes=\"auto, (max-width: 250px) 100vw, 250px\" \/><\/div>\n\t\t<\/figure>\n\t<\/div>\n<\/div><\/div><\/div><div class=\"single_service wpb_column vc_column_container vc_col-sm-6\"><div class=\"vc_column-inner\"><div class=\"wpb_wrapper\">\t<div id=\"cd_feature_box_cd_feature_box_69f0dc16172d1\" class=\"feature-box feature-border style-4  default-feature box-hover no-image\">\n\t\t\t\t<div class=\"icon\">\n\t\t\t<i class=\"fab fa-apple\"><\/i>\n\t\t<\/div>\n\t\t<div class=\"content\">\n\t\t\t<a  id=\"cd_feature_box_69f0dc16172d1\">\n\t\t\t\t<h6>Version IOS (bientot)<\/h6>\t\t\t<\/a>\n\t\t\t<p>Cette version encore en cours de d\u00e9veloppement. Merci de constamment \u00eatre a l'affut de nos notification et mises a jours pour ne surtout pas manquer la sortie officiel de cette version IOs<\/p>\t\t<\/div>\n\t<\/div>\n\t\n\t<div  class=\"wpb_single_image wpb_content_element vc_align_center  wpb_animate_when_almost_visible wpb_fadeInUp fadeInUp\">\n\t\t\n\t\t<figure class=\"wpb_wrapper vc_figure\">\n\t\t\t<div class=\"vc_single_image-wrapper   vc_box_border_grey\"><img loading=\"lazy\" decoding=\"async\" width=\"250\" height=\"250\" src=\"https:\/\/auto.sellamoo.com\/wp-content\/uploads\/2024\/12\/Bucarsell_logo_light_Small_transparent_Bg.webp\" class=\"vc_single_image-img attachment-medium\" alt=\"\" title=\"Bucarsell_logo_light_Small_transparent_Bg\" srcset=\"https:\/\/auto.sellamoo.com\/wp-content\/uploads\/2024\/12\/Bucarsell_logo_light_Small_transparent_Bg.webp 250w, https:\/\/auto.sellamoo.com\/wp-content\/uploads\/2024\/12\/Bucarsell_logo_light_Small_transparent_Bg-150x150.webp 150w, https:\/\/auto.sellamoo.com\/wp-content\/uploads\/2024\/12\/Bucarsell_logo_light_Small_transparent_Bg-12x12.webp 12w, https:\/\/auto.sellamoo.com\/wp-content\/uploads\/2024\/12\/Bucarsell_logo_light_Small_transparent_Bg-50x50.webp 50w, https:\/\/auto.sellamoo.com\/wp-content\/uploads\/2024\/12\/Bucarsell_logo_light_Small_transparent_Bg-100x100.webp 100w\" sizes=\"auto, (max-width: 250px) 100vw, 250px\" \/><\/div>\n\t\t<\/figure>\n\t<\/div>\n<\/div><\/div><\/div><\/div><\/div><\/div><\/div><div class=\"wpb_column vc_column_container vc_col-sm-2\"><div class=\"vc_column-inner\"><div class=\"wpb_wrapper\"><\/div><\/div><\/div><\/div>","protected":false},"excerpt":{"rendered":"Nos \u00e9quipes de d\u00e9veloppeur vous propose Des versions d&#039;application mobile Nous d\u00e9veloppons l'applications mobiles (Bucarsell app) sur mesure pour vous, alliant innovation et performance. Notre \u00e9quipe dynamique de d\u00e9veloppeurs talentueux met son expertise a votre service, qu'il s'agisse d'applications Android ou iOS. Version Android (APK) Bucarsell vous permet de g\u00e9rer toutes vos transactions automobiles en [...]","protected":false},"author":1,"featured_media":0,"parent":0,"menu_order":0,"comment_status":"closed","ping_status":"closed","template":"","meta":{"pmpro_default_level":0,"_surecart_dashboard_logo_width":"180px","_surecart_dashboard_show_logo":true,"_surecart_dashboard_navigation_orders":true,"_surecart_dashboard_navigation_subscriptions":true,"_surecart_dashboard_navigation_downloads":true,"_surecart_dashboard_navigation_billing":true,"_surecart_dashboard_navigation_account":true,"footnotes":""},"class_list":["post-8549","page","type-page","status-publish","hentry","pmpro-has-access"],"acf":[],"aioseo_notices":[],"_links":{"self":[{"href":"https:\/\/auto.sellamoo.com\/en\/wp-json\/wp\/v2\/pages\/8549","targetHints":{"allow":["GET"]}}],"collection":[{"href":"https:\/\/auto.sellamoo.com\/en\/wp-json\/wp\/v2\/pages"}],"about":[{"href":"https:\/\/auto.sellamoo.com\/en\/wp-json\/wp\/v2\/types\/page"}],"author":[{"embeddable":true,"href":"https:\/\/auto.sellamoo.com\/en\/wp-json\/wp\/v2\/users\/1"}],"replies":[{"embeddable":true,"href":"https:\/\/auto.sellamoo.com\/en\/wp-json\/wp\/v2\/comments?post=8549"}],"version-history":[{"count":8,"href":"https:\/\/auto.sellamoo.com\/en\/wp-json\/wp\/v2\/pages\/8549\/revisions"}],"predecessor-version":[{"id":8575,"href":"https:\/\/auto.sellamoo.com\/en\/wp-json\/wp\/v2\/pages\/8549\/revisions\/8575"}],"wp:attachment":[{"href":"https:\/\/auto.sellamoo.com\/en\/wp-json\/wp\/v2\/media?parent=8549"}],"curies":[{"name":"wp","href":"https:\/\/api.w.org\/{rel}","templated":true}]}}